{"id":24,"date":"2024-02-11T09:20:49","date_gmt":"2024-02-11T09:20:49","guid":{"rendered":"http:\/\/www.msc-lechgau.de\/?page_id=24"},"modified":"2024-02-11T09:20:44","modified_gmt":"2024-02-11T09:20:44","slug":"ueber-uns","status":"publish","type":"page","link":"https:\/\/www.msc-lechgau.de\/?page_id=24","title":{"rendered":"\u00dcber Uns"},"content":{"rendered":"<p>[vc_row][vc_column][vc_column_text]<small>Gef\u00f6rdert von der Stadt Landsberg kam es\u00a01977 zur Gr\u00fcndung u<\/small><small>nseres Motocross-Vereins<\/small><small> durch drei\u00dfig Motorsportbegeisterte.<\/small><small><br \/>\n<\/small><small>Auf den Namen &#8222;MSC-Lechgau&#8220; einigte man sich damals, weil nicht alle Gr\u00fcndungsmitglieder aus einem Ort,<\/small><small> sondern vor allem aus dem westlichen Landkreis Landsberg stammten. <\/small><br \/>\n<small> <\/small><br \/>\n<small>Zun\u00e4chst befand sich das Trainingsgel\u00e4nde im Industriegebiet Landsberg. Nachdem diese Gel\u00e4nde nicht weiter<\/small><small> zur Verf\u00fcgung stand, wurde 1986 mit Unterst\u00fctzung der Stadt Landsberg und den Ellighofener B\u00fcrgern unser<\/small><small>heutiges <a href=\"https:\/\/www.msc-lechgau.de\/Strecke.html\">Trainingsgel\u00e4nde<\/a> gefunden.<\/small> <small>Die Streckenl\u00e4nge betr\u00e4gt ca. 1750 m auf<br \/>\nkiesigem\/sandigem Boden. Wir haben 9 gr\u00f6ssere Spr\u00fcnge, bestehend aus div. Tables und Step-up\u00b4s.<br \/>\n<\/small><br \/>\n<small>So ist es dem Verein seit\u00a0\u00fcber drei\u00dfig Jahren gelungen Hobby- wie Lizenzfahrern ein geeignetes Trainingsgel\u00e4nde<\/small><small> zu bieten und die Motorsportaktivit\u00e4ten umweltvertr\u00e4glich <\/small><small>auf dem Vereinsgel\u00e4nde <\/small><small>zu konzentrieren. <\/small><br \/>\n<small>Der Verein umfasst mittlerweile rund 200 Mitglieder.<\/small><br \/>\n<small> <\/small><br \/>\n<small> <\/small><small>Besonderes Augenmerk wird dabei von jeher auf die Jugendarbeit gelegt, da ein erheblicher Teil unserer<\/small><small> Mitglieder aus Jugendlichen besteht. Diesen bieten sich auf der extra pr\u00e4parierten <a href=\"https:\/\/www.msc-lechgau.de\/Jugendstrecke.html\">Jugendstrecke<\/a> ideale<\/small><small> Trainigsm\u00f6glichkeiten. <\/small><small>Ziel ist es dabei fit zu werden und\u00a0<\/small><small>das Beherrschen des Motorrades<\/small><small> im Gel\u00e4nde zu \u00fcben<\/small><small>.<\/small> <small>Denn wer seine Maschine im Gel\u00e4nde beherrscht ist\u00a0auch im Stra\u00dfenverkehr sicherer unterwegs&#8230;<\/small><\/p>\n<p>Die Vorstandschaft:<br \/>\n<small><br \/>\n<\/small>1. Vorstand: \u00a0 \u00a0 \u00a0 J\u00f6rg Schlichter<br \/>\n2. Vorstand: \u00a0 \u00a0 \u00a0 Alexander Diebel<br \/>\n3. Vorstand: \u00a0 \u00a0 \u00a0 Mario Heigl<\/p>\n<p>E-Mail Kontakt:<br \/>\ninfo@msc-lechgau.de[\/vc_column_text][\/vc_column][\/vc_row]<\/p>\n","protected":false},"excerpt":{"rendered":"<p>[vc_row][vc_column][vc_column_text]Gef\u00f6rdert von der Stadt Landsberg kam es\u00a01977 zur Gr\u00fcndung unseres Motocross-Vereins durch drei\u00dfig Motorsportbegeisterte. Auf den Namen &#8222;MSC-Lechgau&#8220; einigte man sich damals, weil nicht alle Gr\u00fcndungsmitglieder aus einem Ort, sondern vor allem aus dem westlichen Landkreis Landsberg stammten. Zun\u00e4chst befand sich das Trainingsgel\u00e4nde im Industriegebiet Landsberg. Nachdem diese Gel\u00e4nde nicht weiter zur Verf\u00fcgung stand, wurde &hellip; <\/p>\n<p class=\"link-more\"><a href=\"https:\/\/www.msc-lechgau.de\/?page_id=24\" class=\"more-link\"><span class=\"screen-reader-text\">\u201e\u00dcber Uns\u201c<\/span> weiterlesen<\/a><\/p>\n","protected":false},"author":1,"featured_media":0,"parent":0,"menu_order":0,"comment_status":"closed","ping_status":"closed","template":"","meta":[],"_links":{"self":[{"href":"https:\/\/www.msc-lechgau.de\/index.php?rest_route=\/wp\/v2\/pages\/24"}],"collection":[{"href":"https:\/\/www.msc-lechgau.de\/index.php?rest_route=\/wp\/v2\/pages"}],"about":[{"href":"https:\/\/www.msc-lechgau.de\/index.php?rest_route=\/wp\/v2\/types\/page"}],"author":[{"embeddable":true,"href":"https:\/\/www.msc-lechgau.de\/index.php?rest_route=\/wp\/v2\/users\/1"}],"replies":[{"embeddable":true,"href":"https:\/\/www.msc-lechgau.de\/index.php?rest_route=%2Fwp%2Fv2%2Fcomments&post=24"}],"version-history":[{"count":5,"href":"https:\/\/www.msc-lechgau.de\/index.php?rest_route=\/wp\/v2\/pages\/24\/revisions"}],"predecessor-version":[{"id":901,"href":"https:\/\/www.msc-lechgau.de\/index.php?rest_route=\/wp\/v2\/pages\/24\/revisions\/901"}],"wp:attachment":[{"href":"https:\/\/www.msc-lechgau.de\/index.php?rest_route=%2Fwp%2Fv2%2Fmedia&parent=24"}],"curies":[{"name":"wp","href":"https:\/\/api.w.org\/{rel}","templated":true}]}}