{"id":27,"date":"2018-07-09T15:33:38","date_gmt":"2018-07-09T13:33:38","guid":{"rendered":"http:\/\/www.msc-lechgau.de\/?page_id=27"},"modified":"2026-04-02T12:01:51","modified_gmt":"2026-04-02T12:01:51","slug":"termine","status":"publish","type":"page","link":"https:\/\/www.msc-lechgau.de\/?page_id=27","title":{"rendered":"Termine"},"content":{"rendered":"<p>[vc_row][vc_column][vc_column_text]<strong>Termine 2026<\/strong><\/p>\n<table>\n<tbody>\n<tr>\n<td width=\"187\"><strong>15.05. \u2013 16.05.2026<\/strong><\/p>\n<p><strong>\u00a0<\/strong><\/td>\n<td width=\"503\"><strong>Arbeitsdienst mit Fertigstellung Zaun. <\/strong>(die folgenden zwei Trainingssamstage nur f\u00fcr Helfer ge\u00f6ffnet)<\/p>\n<p>&nbsp;<\/td>\n<\/tr>\n<tr>\n<td width=\"187\"><strong>19.06 \u2013 20.06.2026 <\/strong><\/td>\n<td width=\"503\"><strong>Lehrgang MSC Lechgau<\/strong> \u2013 Wir veranstalten einen zweit\u00e4gigen Lehrgang f\u00fcr alt und jung, sowie f\u00fcr alle Erfahrungslevel. Diesmal werden uns folgende Trainer zur Verf\u00fcgung stehen:<\/p>\n<p>&#8211;\u00a0\u00a0\u00a0\u00a0\u00a0\u00a0\u00a0\u00a0\u00a0 Markus Fischer<\/p>\n<p>&#8211;\u00a0\u00a0\u00a0\u00a0\u00a0\u00a0\u00a0\u00a0\u00a0 Franz Socher<\/p>\n<p>&#8211;\u00a0\u00a0\u00a0\u00a0\u00a0\u00a0\u00a0\u00a0\u00a0 Marvin Kn\u00f6rle<\/p>\n<p>&#8211;\u00a0\u00a0\u00a0\u00a0\u00a0\u00a0\u00a0\u00a0\u00a0 Stefan Frank<\/p>\n<p><em>Start Freitag: 13:00 \u2013 18:00<\/em><\/p>\n<p><em>Start Samstag: 10:00 \u2013 16:00 danach freies Training bis 18:00<\/em><\/p>\n<p><strong>\u00a0<\/strong><\/td>\n<\/tr>\n<tr>\n<td width=\"187\"><strong>01.08.2026<\/strong><\/td>\n<td width=\"503\"><strong>40-Jahre Strecke Ellighofen + Spendenparty Streckenkauf.<\/strong><\/p>\n<p>Freut euch auf eine Party zum 40 &#8211; j\u00e4hrigen Bestehen unserer Motocross Strecke in Ellighofen. Zum Dank f\u00fcr die Einladung zum Annanasscup 2025 vom MCC Hausham, laden wir diesen recht Herzlich auch zu unserem Fest ein.<\/p>\n<p>&nbsp;<\/td>\n<\/tr>\n<tr>\n<td width=\"187\"><strong>17.10.2026<\/strong><\/td>\n<td width=\"503\"><strong>Oktoberfest<\/strong> mit H\u00e4ndl<\/p>\n<p>&nbsp;<\/td>\n<\/tr>\n<tr>\n<td width=\"187\"><strong>Datum folgt<\/strong><\/p>\n<p><strong>\u00a0<\/strong><\/p>\n<p><strong>\u00a0<\/strong><\/p>\n<p><strong>\u00a0<\/strong><\/td>\n<td width=\"503\"><strong>2 h Enduro \u2013 Wird nach Planung in der zweiten H\u00e4lfte des Jahres Stattfinden<\/strong><\/p>\n<p>&nbsp;<\/td>\n<\/tr>\n<\/tbody>\n<\/table>\n<p>&nbsp;<\/p>\n<p><strong>Clubl\u00e4ufe 2026<\/strong><\/p>\n<p>Grunds\u00e4tzlich sind wir bestrebt dieses Jahr mehrere Clubl\u00e4ufe anzusetzen, um aktiven Rennfahrern sowie reinen Hobbyfahrern ein gerechtes Training bieten zu k\u00f6nnen. Daher versuchen wir an den folgen Terminen einen Clublauf mit 2 L\u00e4ufen f\u00fcr je 15 min. + 2R anzusetzen. Bei mehrfacher schlechter Witterung oder zu wenig Teilnehmern, werden wir die L\u00e4ufe verschieben oder ausfallen lassen. Daher setzen wir auf rege Teilnahme. Aufgeteilt wird in <strong>zwei Klassen:<\/strong> Pro und Hobby, welche separat gewertet werden am Ende des Jahres.<\/p>\n<p><strong><em>Clubl\u00e4ufe finden spontan statt, wird ca. 1 Woche im Voraus bekannt <\/em><\/strong><\/p>\n<p><strong><em>gegeben. Sofern 10 Personen zusammen kommen findet der Lauf statt.<\/em><\/strong><\/p>\n<p><strong><em>\u00a0<\/em><\/strong><\/p>\n<p>Euer J\u00f6rg, Alex und Mario<\/p>\n<p>Im Namen der Vorstandschaft[\/vc_column_text][\/vc_column][\/vc_row]<\/p>\n","protected":false},"excerpt":{"rendered":"<p>[vc_row][vc_column][vc_column_text]Termine 2026 15.05. \u2013 16.05.2026 \u00a0 Arbeitsdienst mit Fertigstellung Zaun. (die folgenden zwei Trainingssamstage nur f\u00fcr Helfer ge\u00f6ffnet) &nbsp; 19.06 \u2013 20.06.2026 Lehrgang MSC Lechgau \u2013 Wir veranstalten einen zweit\u00e4gigen Lehrgang f\u00fcr alt und jung, sowie f\u00fcr alle Erfahrungslevel. Diesmal werden uns folgende Trainer zur Verf\u00fcgung stehen: &#8211;\u00a0\u00a0\u00a0\u00a0\u00a0\u00a0\u00a0\u00a0\u00a0 Markus Fischer &#8211;\u00a0\u00a0\u00a0\u00a0\u00a0\u00a0\u00a0\u00a0\u00a0 Franz Socher &#8211;\u00a0\u00a0\u00a0\u00a0\u00a0\u00a0\u00a0\u00a0\u00a0 Marvin &hellip; <\/p>\n<p class=\"link-more\"><a href=\"https:\/\/www.msc-lechgau.de\/?page_id=27\" class=\"more-link\"><span class=\"screen-reader-text\">\u201eTermine\u201c<\/span> weiterlesen<\/a><\/p>\n","protected":false},"author":1,"featured_media":0,"parent":0,"menu_order":0,"comment_status":"closed","ping_status":"closed","template":"","meta":[],"_links":{"self":[{"href":"https:\/\/www.msc-lechgau.de\/index.php?rest_route=\/wp\/v2\/pages\/27"}],"collection":[{"href":"https:\/\/www.msc-lechgau.de\/index.php?rest_route=\/wp\/v2\/pages"}],"about":[{"href":"https:\/\/www.msc-lechgau.de\/index.php?rest_route=\/wp\/v2\/types\/page"}],"author":[{"embeddable":true,"href":"https:\/\/www.msc-lechgau.de\/index.php?rest_route=\/wp\/v2\/users\/1"}],"replies":[{"embeddable":true,"href":"https:\/\/www.msc-lechgau.de\/index.php?rest_route=%2Fwp%2Fv2%2Fcomments&post=27"}],"version-history":[{"count":11,"href":"https:\/\/www.msc-lechgau.de\/index.php?rest_route=\/wp\/v2\/pages\/27\/revisions"}],"predecessor-version":[{"id":947,"href":"https:\/\/www.msc-lechgau.de\/index.php?rest_route=\/wp\/v2\/pages\/27\/revisions\/947"}],"wp:attachment":[{"href":"https:\/\/www.msc-lechgau.de\/index.php?rest_route=%2Fwp%2Fv2%2Fmedia&parent=27"}],"curies":[{"name":"wp","href":"https:\/\/api.w.org\/{rel}","templated":true}]}}